{"id":1445082,"date":"2026-03-14T15:33:09","date_gmt":"2026-03-14T12:33:09","guid":{"rendered":"https:\/\/kruze.ee\/?page_id=1445082"},"modified":"2026-04-07T18:01:27","modified_gmt":"2026-04-07T15:01:27","slug":"t-sargid-ja-pusad-logoga-ettevotetele","status":"publish","type":"page","link":"https:\/\/kruze.ee\/et\/t-sargid-ja-pusad-logoga-ettevotetele\/","title":{"rendered":"T-s\u00e4rgid ja pusad logoga ettev\u00f5tetele"},"content":{"rendered":"<section class=\"wpb-content-wrapper\"><p>[vc_row][vc_column][vc_column_text woodmart_inline=&#8221;no&#8221; text_larger=&#8221;no&#8221;]<\/p>\n<h4>Logoga T-s\u00e4rgid ja pusad<\/h4>\n<p>Kampaaniapakkumine ettev\u00f5tetele \u2013 kvaliteetsed T-s\u00e4rgid ja pusad koos \u00fchev\u00e4rvilise tr\u00fckiga.<br \/>\nSobib meeskonnariietuseks, \u00fcritustele ja reklaamiks ettev\u00f5tetele.[\/vc_column_text][\/vc_column][\/vc_row][vc_row][vc_column][vc_row_inner][vc_column_inner][vc_column_text woodmart_inline=&#8221;no&#8221; text_larger=&#8221;no&#8221;]<\/p>\n<h3 style=\"text-align: center;\">Kampaania hinnad \u00fchev\u00e4rvilise tr\u00fckiga<\/h3>\n<p>[\/vc_column_text][vc_column_text woodmart_inline=&#8221;no&#8221; text_larger=&#8221;no&#8221;]<\/p>\n<table style=\"width: 100%; border-collapse: collapse; text-align: center; font-size: 16px;\">\n<thead>\n<tr style=\"background: #f2f2f2;\">\n<th style=\"padding: 12px; border: 1px solid #ddd;\">Kogus<\/th>\n<th style=\"padding: 12px; border: 1px solid #ddd;\">T-s\u00e4rk<\/th>\n<th style=\"padding: 12px; border: 1px solid #ddd;\">Pusa<\/th>\n<\/tr>\n<\/thead>\n<tbody>\n<tr>\n<td style=\"padding: 10px; border: 1px solid #ddd;\">25 tk<\/td>\n<td style=\"padding: 10px; border: 1px solid #ddd;\">4,55 \u20ac\/tk<\/td>\n<td style=\"padding: 10px; border: 1px solid #ddd;\">17,65 \u20ac\/tk<\/td>\n<\/tr>\n<tr>\n<td style=\"padding: 10px; border: 1px solid #ddd;\">50 tk<\/td>\n<td style=\"padding: 10px; border: 1px solid #ddd;\">4,20 \u20ac\/tk<\/td>\n<td style=\"padding: 10px; border: 1px solid #ddd;\">17,45 \u20ac\/tk<\/td>\n<\/tr>\n<tr>\n<td style=\"padding: 10px; border: 1px solid #ddd;\">75 tk<\/td>\n<td style=\"padding: 10px; border: 1px solid #ddd;\">4,10 \u20ac\/tk<\/td>\n<td style=\"padding: 10px; border: 1px solid #ddd;\">17,30 \u20ac\/tk<\/td>\n<\/tr>\n<tr>\n<td style=\"padding: 10px; border: 1px solid #ddd;\">100 tk<\/td>\n<td style=\"padding: 10px; border: 1px solid #ddd;\">3,95 \u20ac\/tk<\/td>\n<td style=\"padding: 10px; border: 1px solid #ddd;\">16,65 \u20ac\/tk<\/td>\n<\/tr>\n<\/tbody>\n<\/table>\n<p>[\/vc_column_text][\/vc_column_inner][\/vc_row_inner][\/vc_column][\/vc_row][vc_row][vc_column][\/vc_column][\/vc_row][vc_row][vc_column width=&#8221;1\/2&#8243;][vc_single_image image=&#8221;1445089&#8243; img_size=&#8221;&#8221; alignment=&#8221;center&#8221; parallax_scroll=&#8221;no&#8221; woodmart_inline=&#8221;no&#8221;][vc_column_text woodmart_inline=&#8221;no&#8221; text_larger=&#8221;no&#8221;]<\/p>\n<h4 class=\"kruze-product-title\" style=\"text-align: center;\"><a href=\"https:\/\/kruze.ee\/et\/toode\/clique-basic-t-t-sark\/\">Clique Basic-T T-s\u00e4rk<\/a><\/h4>\n<p style=\"text-align: center;\">Kvaliteetne puuvillane T-s\u00e4rk, mis sobib h\u00e4sti ettev\u00f5tte logode tr\u00fckkimiseks.<\/p>\n<p>[\/vc_column_text]<div id=\"wd-69b55e9b913b2\" class=\" wd-rs-69b55e9b913b2 vc_custom_1773493949957 wd-button-wrapper text-center\"><a href=\"https:\/\/kruze.ee\/et\/toode\/clique-basic-t-t-sark\/\" title=\"\" style=\"--btn-color:#fff;--btn-color-hover:#fff;\" class=\"btn btn-style-3d btn-shape-semi-round btn-size-extra-small\">Vali T-s\u00e4rgi v\u00e4rve ja suuruseid<\/a><\/div>[\/vc_column][vc_column width=&#8221;1\/2&#8243;][vc_single_image image=&#8221;1445087&#8243; img_size=&#8221;&#8221; alignment=&#8221;center&#8221; parallax_scroll=&#8221;no&#8221; woodmart_inline=&#8221;no&#8221;][vc_column_text woodmart_inline=&#8221;no&#8221; text_larger=&#8221;no&#8221;]<\/p>\n<h4 style=\"text-align: center;\"><a href=\"https:\/\/kruze.ee\/et\/toode\/clique-miami-roundneck-unisex-dresipluus\/\">Miami Roundneck<\/a><\/h4>\n<p style=\"text-align: center;\">Mugav ja kvaliteetne unisex pusa, mis sobib h\u00e4sti ettev\u00f5tte meeskonnariietuseks.<\/p>\n<p>[\/vc_column_text]<div id=\"wd-69b55fa3844fe\" class=\" wd-rs-69b55fa3844fe vc_custom_1773494221080 wd-button-wrapper text-center\"><a href=\"https:\/\/kruze.ee\/et\/toode\/clique-miami-roundneck-unisex-dresipluus\/\" title=\"\" style=\"--btn-color:#fff;--btn-color-hover:#fff;\" class=\"btn btn-style-3d btn-shape-semi-round btn-size-extra-small\">Vali pusa v\u00e4rve ja suuruseid<\/a><\/div>[\/vc_column][\/vc_row][vc_row][vc_column][vc_column_text woodmart_inline=&#8221;no&#8221; text_larger=&#8221;no&#8221;]<\/p>\n<p style=\"text-align: center;\">Hind sisaldab \u00fchev\u00e4rvilist siiditr\u00fckki.<br \/>\nHinnad ei sisalda k\u00e4ibemaksu.<\/p>\n<p>[\/vc_column_text][vc_column_text woodmart_inline=&#8221;no&#8221; text_larger=&#8221;no&#8221;]<\/p>\n<p style=\"text-align: center;\">K\u00fcsi pakkumist, kui sinu idee on lennukam ja meie kampaania tingimustesse ei mahu.<\/p>\n<p>[\/vc_column_text][\/vc_column][\/vc_row][vc_row][vc_column][vc_column_text woodmart_inline=&#8221;no&#8221; text_larger=&#8221;no&#8221;]Pakume kampaania raames hea hinnaga kvaliteetseid T-s\u00e4rke ja pusasid koos \u00fchev\u00e4rvilise tr\u00fckiga.<br \/>\nVali sobiv toode, kogus ja v\u00e4rv ning saada meile oma soov.[\/vc_column_text][vc_column_text woodmart_inline=&#8221;no&#8221; text_larger=&#8221;no&#8221;]<\/p>\n<h4>Kampaania tingimused<\/h4>\n<p>\u2022 minimaalne kogus 25 tk sama kujundusega<br \/>\n\u2022 \u00fchev\u00e4rviline siiditr\u00fckk<br \/>\n\u2022 tr\u00fcki suurus kuni A4<br \/>\n\u2022 hinnad ei sisalda k\u00e4ibemaksu<br \/>\n\u2022 hinnd ei sisalda transporti[\/vc_column_text]<div id=\"wd-69b564d54d037\" class=\" wd-rs-69b564d54d037 vc_custom_1773495517380 wd-button-wrapper text-center\"><a href=\"#kontakt\" title=\"\" style=\"--btn-color:#fff;--btn-color-hover:#fff;\" class=\"btn btn-style-3d btn-shape-semi-round btn-size-extra-small\">K\u00fcsi pakkumist<\/a><\/div>[\/vc_column][\/vc_row][vc_row][vc_column el_id=&#8221;kontakt&#8221; woodmart_css_id=&#8221;69b564a43d783&#8243; parallax_scroll=&#8221;no&#8221; woodmart_sticky_column=&#8221;false&#8221; wd_collapsible_content_switcher=&#8221;no&#8221; wd_column_role_offcanvas_desktop=&#8221;no&#8221; wd_column_role_offcanvas_tablet=&#8221;no&#8221; wd_column_role_offcanvas_mobile=&#8221;no&#8221; wd_column_role_content_desktop=&#8221;no&#8221; wd_column_role_content_tablet=&#8221;no&#8221; wd_column_role_content_mobile=&#8221;no&#8221; mobile_bg_img_hidden=&#8221;no&#8221; tablet_bg_img_hidden=&#8221;no&#8221; woodmart_parallax=&#8221;0&#8243; woodmart_box_shadow=&#8221;no&#8221; responsive_spacing=&#8221;eyJwYXJhbV90eXBlIjoid29vZG1hcnRfcmVzcG9uc2l2ZV9zcGFjaW5nIiwic2VsZWN0b3JfaWQiOiI2OWI1NjRhNDNkNzgzIiwic2hvcnRjb2RlIjoidmNfY29sdW1uIiwiZGF0YSI6eyJ0YWJsZXQiOnt9LCJtb2JpbGUiOnt9fX0=&#8221; mobile_reset_margin=&#8221;no&#8221; tablet_reset_margin=&#8221;no&#8221; wd_z_index=&#8221;no&#8221;][\/vc_column][\/vc_row][vc_row][vc_column][vc_column_text woodmart_inline=&#8221;no&#8221; text_larger=&#8221;no&#8221;]\n<div class=\"wpcf7 no-js\" id=\"wpcf7-f1445081-o1\" lang=\"et\" dir=\"ltr\" data-wpcf7-id=\"1445081\">\n<div class=\"screen-reader-response\"><p role=\"status\" aria-live=\"polite\" aria-atomic=\"true\"><\/p> <ul><\/ul><\/div>\n<form action=\"\/et\/wp-json\/wp\/v2\/pages\/1445082#wpcf7-f1445081-o1\" method=\"post\" class=\"wpcf7-form init\" aria-label=\"Contact form\" enctype=\"multipart\/form-data\" novalidate=\"novalidate\" data-status=\"init\">\n<fieldset class=\"hidden-fields-container\"><input type=\"hidden\" name=\"_wpcf7\" value=\"1445081\" \/><input type=\"hidden\" name=\"_wpcf7_version\" value=\"6.1.5\" \/><input type=\"hidden\" name=\"_wpcf7_locale\" value=\"et\" \/><input type=\"hidden\" name=\"_wpcf7_unit_tag\" value=\"wpcf7-f1445081-o1\" \/><input type=\"hidden\" name=\"_wpcf7_container_post\" value=\"0\" \/><input type=\"hidden\" name=\"_wpcf7_posted_data_hash\" value=\"\" \/><input type=\"hidden\" name=\"_wpcf7_recaptcha_response\" value=\"\" \/>\n<\/fieldset>\n<p><label>Nimi*<\/label><br \/>\n<span class=\"wpcf7-form-control-wrap\" data-name=\"nimi\"><input size=\"40\" maxlength=\"400\" class=\"wpcf7-form-control wpcf7-text wpcf7-validates-as-required\" aria-required=\"true\" aria-invalid=\"false\" placeholder=\"Teie nimi\" value=\"\" type=\"text\" name=\"nimi\" \/><\/span>\n<\/p>\n<p><label>E-post*<\/label><br \/>\n<span class=\"wpcf7-form-control-wrap\" data-name=\"email\"><input size=\"40\" maxlength=\"400\" class=\"wpcf7-form-control wpcf7-email wpcf7-validates-as-required wpcf7-text wpcf7-validates-as-email\" aria-required=\"true\" aria-invalid=\"false\" placeholder=\"Teie e-post\" value=\"\" type=\"email\" name=\"email\" \/><\/span>\n<\/p>\n<p><label>Telefon*<\/label><br \/>\n<span class=\"wpcf7-form-control-wrap\" data-name=\"telefon\"><input size=\"40\" maxlength=\"400\" class=\"wpcf7-form-control wpcf7-tel wpcf7-validates-as-required wpcf7-text wpcf7-validates-as-tel\" aria-required=\"true\" aria-invalid=\"false\" placeholder=\"Telefon\" value=\"\" type=\"tel\" name=\"telefon\" \/><\/span>\n<\/p>\n<p><label>Ettev\u00f5te<\/label><br \/>\n<span class=\"wpcf7-form-control-wrap\" data-name=\"ettevote\"><input size=\"40\" maxlength=\"400\" class=\"wpcf7-form-control wpcf7-text\" aria-invalid=\"false\" placeholder=\"Ettev\u00f5tte nimi\" value=\"\" type=\"text\" name=\"ettevote\" \/><\/span>\n<\/p>\n<p><label>Millisele tootele soovite logo?<\/label><br \/>\n<span class=\"wpcf7-form-control-wrap\" data-name=\"toode\"><select class=\"wpcf7-form-control wpcf7-select\" aria-invalid=\"false\" name=\"toode\"><option value=\"T-s\u00e4rgid\">T-s\u00e4rgid<\/option><option value=\"Pusad\">Pusad<\/option><option value=\"T-s\u00e4rgid ja pusad\">T-s\u00e4rgid ja pusad<\/option><\/select><\/span>\n<\/p>\n<p><label>Kogus*<\/label><br \/>\n<span class=\"wpcf7-form-control-wrap\" data-name=\"kogus\"><input class=\"wpcf7-form-control wpcf7-number wpcf7-validates-as-required wpcf7-validates-as-number\" aria-required=\"true\" aria-invalid=\"false\" placeholder=\"N\u00e4iteks 50\" value=\"\" type=\"number\" name=\"kogus\" \/><\/span>\n<\/p>\n<p><label>Logo v\u00f5i tr\u00fcki asukoht<\/label><br \/>\n<span class=\"wpcf7-form-control-wrap\" data-name=\"trukkikoht\"><span class=\"wpcf7-form-control wpcf7-checkbox\"><span class=\"wpcf7-list-item first\"><label><input type=\"checkbox\" name=\"trukkikoht[]\" value=\"Suur esitr\u00fckk\" \/><span class=\"wpcf7-list-item-label\">Suur esitr\u00fckk<\/span><\/label><\/span><span class=\"wpcf7-list-item\"><label><input type=\"checkbox\" name=\"trukkikoht[]\" value=\"Suur seljatr\u00fckk\" \/><span class=\"wpcf7-list-item-label\">Suur seljatr\u00fckk<\/span><\/label><\/span><span class=\"wpcf7-list-item\"><label><input type=\"checkbox\" name=\"trukkikoht[]\" value=\"Vasakul rinnas logo\" \/><span class=\"wpcf7-list-item-label\">Vasakul rinnas logo<\/span><\/label><\/span><span class=\"wpcf7-list-item\"><label><input type=\"checkbox\" name=\"trukkikoht[]\" value=\"Paremal rinnas logo\" \/><span class=\"wpcf7-list-item-label\">Paremal rinnas logo<\/span><\/label><\/span><span class=\"wpcf7-list-item\"><label><input type=\"checkbox\" name=\"trukkikoht[]\" value=\"\u00dclaseljal tr\u00fckk\" \/><span class=\"wpcf7-list-item-label\">\u00dclaseljal tr\u00fckk<\/span><\/label><\/span><span class=\"wpcf7-list-item\"><label><input type=\"checkbox\" name=\"trukkikoht[]\" value=\"Alaseljal tr\u00fckk\" \/><span class=\"wpcf7-list-item-label\">Alaseljal tr\u00fckk<\/span><\/label><\/span><span class=\"wpcf7-list-item\"><label><input type=\"checkbox\" name=\"trukkikoht[]\" value=\"Parem varrukas\" \/><span class=\"wpcf7-list-item-label\">Parem varrukas<\/span><\/label><\/span><span class=\"wpcf7-list-item last\"><label><input type=\"checkbox\" name=\"trukkikoht[]\" value=\"Vasak varrukas\" \/><span class=\"wpcf7-list-item-label\">Vasak varrukas<\/span><\/label><\/span><\/span><\/span>\n<\/p>\n<p><img decoding=\"async\" src=\"https:\/\/kruze.ee\/wp-content\/uploads\/2026\/03\/tsargi-vorm.webp\" style=\"max-width:400px; margin-top:10px;\" \/>\n<\/p>\n<p><label>Laadi logo v\u00f5i kujundus<\/label><br \/>\n<span class=\"wpcf7-form-control-wrap\" data-name=\"logo\"><input size=\"40\" class=\"wpcf7-form-control wpcf7-file\" accept=\".jpg,.jpeg,.png,.pdf,.ai,.eps\" aria-invalid=\"false\" type=\"file\" name=\"logo\" \/><\/span>\n<\/p>\n<p><label>Lisainfo v\u00f5i k\u00fcsimused<\/label><br \/>\n<span class=\"wpcf7-form-control-wrap\" data-name=\"lisainfo\"><textarea cols=\"40\" rows=\"10\" maxlength=\"2000\" class=\"wpcf7-form-control wpcf7-textarea\" aria-invalid=\"false\" placeholder=\"Kirjutage siia oma soovid v\u00f5i k\u00fcsimused\" name=\"lisainfo\"><\/textarea><\/span>\n<\/p>\n<p><input class=\"wpcf7-form-control wpcf7-submit has-spinner\" type=\"submit\" value=\"SAADA HINNAP\u00c4RING\" \/>\n<\/p><div class=\"wpcf7-response-output\" aria-hidden=\"true\"><\/div>\n<\/form>\n<\/div>\n[\/vc_column_text][\/vc_column][\/vc_row]<\/p>\n<\/section>","protected":false},"excerpt":{"rendered":"<p>[vc_row][vc_column][vc_column_text woodmart_inline=&#8221;no&#8221; text_larger=&#8221;no&#8221;] Logoga T-s\u00e4rgid ja pusad Kampaaniapakkumine ettev\u00f5tetele \u2013 kvaliteetsed T-s\u00e4rgid ja pusad koos \u00fchev\u00e4rvilise tr\u00fckiga. Sobib meeskonnariietuseks, \u00fcritustele<\/p>\n","protected":false},"author":2,"featured_media":0,"parent":0,"menu_order":0,"comment_status":"closed","ping_status":"closed","template":"","meta":{"footnotes":""},"class_list":["post-1445082","page","type-page","status-publish","hentry"],"acf":[],"yoast_head":"<!-- This site is optimized with the Yoast SEO plugin v26.0 - https:\/\/yoast.com\/wordpress\/plugins\/seo\/ -->\n<title>T-s\u00e4rgid ja pusad logoga ettev\u00f5tetele - Kruze.ee<\/title>\n<meta name=\"robots\" content=\"index, follow, max-snippet:-1, max-image-preview:large, max-video-preview:-1\" \/>\n<link rel=\"canonical\" href=\"https:\/\/kruze.ee\/et\/t-sargid-ja-pusad-logoga-ettevotetele\/\" \/>\n<meta property=\"og:locale\" content=\"et_EE\" \/>\n<meta property=\"og:type\" content=\"article\" \/>\n<meta property=\"og:title\" content=\"T-s\u00e4rgid ja pusad logoga ettev\u00f5tetele - Kruze.ee\" \/>\n<meta property=\"og:description\" content=\"[vc_row][vc_column][vc_column_text woodmart_inline=&#8221;no&#8221; text_larger=&#8221;no&#8221;] Logoga T-s\u00e4rgid ja pusad Kampaaniapakkumine ettev\u00f5tetele \u2013 kvaliteetsed T-s\u00e4rgid ja pusad koos \u00fchev\u00e4rvilise tr\u00fckiga. Sobib meeskonnariietuseks, \u00fcritustele\" \/>\n<meta property=\"og:url\" content=\"https:\/\/kruze.ee\/et\/t-sargid-ja-pusad-logoga-ettevotetele\/\" \/>\n<meta property=\"og:site_name\" content=\"Kruze.ee\" \/>\n<meta property=\"article:modified_time\" content=\"2026-04-07T15:01:27+00:00\" \/>\n<meta name=\"twitter:card\" content=\"summary_large_image\" \/>\n<meta name=\"twitter:label1\" content=\"Est. reading time\" \/>\n\t<meta name=\"twitter:data1\" content=\"2 minutit\" \/>\n<script type=\"application\/ld+json\" class=\"yoast-schema-graph\">{\"@context\":\"https:\/\/schema.org\",\"@graph\":[{\"@type\":\"WebPage\",\"@id\":\"https:\/\/kruze.ee\/et\/t-sargid-ja-pusad-logoga-ettevotetele\/\",\"url\":\"https:\/\/kruze.ee\/et\/t-sargid-ja-pusad-logoga-ettevotetele\/\",\"name\":\"T-s\u00e4rgid ja pusad logoga ettev\u00f5tetele - Kruze.ee\",\"isPartOf\":{\"@id\":\"https:\/\/kruze.ee\/et\/#website\"},\"datePublished\":\"2026-03-14T12:33:09+00:00\",\"dateModified\":\"2026-04-07T15:01:27+00:00\",\"breadcrumb\":{\"@id\":\"https:\/\/kruze.ee\/et\/t-sargid-ja-pusad-logoga-ettevotetele\/#breadcrumb\"},\"inLanguage\":\"et\",\"potentialAction\":[{\"@type\":\"ReadAction\",\"target\":[\"https:\/\/kruze.ee\/et\/t-sargid-ja-pusad-logoga-ettevotetele\/\"]}]},{\"@type\":\"BreadcrumbList\",\"@id\":\"https:\/\/kruze.ee\/et\/t-sargid-ja-pusad-logoga-ettevotetele\/#breadcrumb\",\"itemListElement\":[{\"@type\":\"ListItem\",\"position\":1,\"name\":\"Home\",\"item\":\"https:\/\/kruze.ee\/et\/\"},{\"@type\":\"ListItem\",\"position\":2,\"name\":\"T-s\u00e4rgid ja pusad logoga ettev\u00f5tetele\"}]},{\"@type\":\"WebSite\",\"@id\":\"https:\/\/kruze.ee\/et\/#website\",\"url\":\"https:\/\/kruze.ee\/et\/\",\"name\":\"Kruze.ee\",\"description\":\"Reklaamkingitused, tr&uuml;kiga T-s&auml;rgid, fliisid, dressipluused, tekstiil, joped ja paljud teised logoga meened, &Auml;rikingitused sinu partnerile! Telli juba t&auml;na.\",\"potentialAction\":[{\"@type\":\"SearchAction\",\"target\":{\"@type\":\"EntryPoint\",\"urlTemplate\":\"https:\/\/kruze.ee\/et\/?s={search_term_string}\"},\"query-input\":{\"@type\":\"PropertyValueSpecification\",\"valueRequired\":true,\"valueName\":\"search_term_string\"}}],\"inLanguage\":\"et\"}]}<\/script>\n<!-- \/ Yoast SEO plugin. -->","yoast_head_json":{"title":"T-s\u00e4rgid ja pusad logoga ettev\u00f5tetele - Kruze.ee","robots":{"index":"index","follow":"follow","max-snippet":"max-snippet:-1","max-image-preview":"max-image-preview:large","max-video-preview":"max-video-preview:-1"},"canonical":"https:\/\/kruze.ee\/et\/t-sargid-ja-pusad-logoga-ettevotetele\/","og_locale":"et_EE","og_type":"article","og_title":"T-s\u00e4rgid ja pusad logoga ettev\u00f5tetele - Kruze.ee","og_description":"[vc_row][vc_column][vc_column_text woodmart_inline=&#8221;no&#8221; text_larger=&#8221;no&#8221;] Logoga T-s\u00e4rgid ja pusad Kampaaniapakkumine ettev\u00f5tetele \u2013 kvaliteetsed T-s\u00e4rgid ja pusad koos \u00fchev\u00e4rvilise tr\u00fckiga. Sobib meeskonnariietuseks, \u00fcritustele","og_url":"https:\/\/kruze.ee\/et\/t-sargid-ja-pusad-logoga-ettevotetele\/","og_site_name":"Kruze.ee","article_modified_time":"2026-04-07T15:01:27+00:00","twitter_card":"summary_large_image","twitter_misc":{"Est. reading time":"2 minutit"},"schema":{"@context":"https:\/\/schema.org","@graph":[{"@type":"WebPage","@id":"https:\/\/kruze.ee\/et\/t-sargid-ja-pusad-logoga-ettevotetele\/","url":"https:\/\/kruze.ee\/et\/t-sargid-ja-pusad-logoga-ettevotetele\/","name":"T-s\u00e4rgid ja pusad logoga ettev\u00f5tetele - Kruze.ee","isPartOf":{"@id":"https:\/\/kruze.ee\/et\/#website"},"datePublished":"2026-03-14T12:33:09+00:00","dateModified":"2026-04-07T15:01:27+00:00","breadcrumb":{"@id":"https:\/\/kruze.ee\/et\/t-sargid-ja-pusad-logoga-ettevotetele\/#breadcrumb"},"inLanguage":"et","potentialAction":[{"@type":"ReadAction","target":["https:\/\/kruze.ee\/et\/t-sargid-ja-pusad-logoga-ettevotetele\/"]}]},{"@type":"BreadcrumbList","@id":"https:\/\/kruze.ee\/et\/t-sargid-ja-pusad-logoga-ettevotetele\/#breadcrumb","itemListElement":[{"@type":"ListItem","position":1,"name":"Home","item":"https:\/\/kruze.ee\/et\/"},{"@type":"ListItem","position":2,"name":"T-s\u00e4rgid ja pusad logoga ettev\u00f5tetele"}]},{"@type":"WebSite","@id":"https:\/\/kruze.ee\/et\/#website","url":"https:\/\/kruze.ee\/et\/","name":"Kruze.ee","description":"Reklaamkingitused, tr&uuml;kiga T-s&auml;rgid, fliisid, dressipluused, tekstiil, joped ja paljud teised logoga meened, &Auml;rikingitused sinu partnerile! Telli juba t&auml;na.","potentialAction":[{"@type":"SearchAction","target":{"@type":"EntryPoint","urlTemplate":"https:\/\/kruze.ee\/et\/?s={search_term_string}"},"query-input":{"@type":"PropertyValueSpecification","valueRequired":true,"valueName":"search_term_string"}}],"inLanguage":"et"}]}},"_links":{"self":[{"href":"https:\/\/kruze.ee\/et\/wp-json\/wp\/v2\/pages\/1445082","targetHints":{"allow":["GET"]}}],"collection":[{"href":"https:\/\/kruze.ee\/et\/wp-json\/wp\/v2\/pages"}],"about":[{"href":"https:\/\/kruze.ee\/et\/wp-json\/wp\/v2\/types\/page"}],"author":[{"embeddable":true,"href":"https:\/\/kruze.ee\/et\/wp-json\/wp\/v2\/users\/2"}],"replies":[{"embeddable":true,"href":"https:\/\/kruze.ee\/et\/wp-json\/wp\/v2\/comments?post=1445082"}],"version-history":[{"count":37,"href":"https:\/\/kruze.ee\/et\/wp-json\/wp\/v2\/pages\/1445082\/revisions"}],"predecessor-version":[{"id":1451333,"href":"https:\/\/kruze.ee\/et\/wp-json\/wp\/v2\/pages\/1445082\/revisions\/1451333"}],"wp:attachment":[{"href":"https:\/\/kruze.ee\/et\/wp-json\/wp\/v2\/media?parent=1445082"}],"curies":[{"name":"wp","href":"https:\/\/api.w.org\/{rel}","templated":true}]}}