{"id":1444609,"date":"2026-02-28T23:47:44","date_gmt":"2026-02-28T20:47:44","guid":{"rendered":"https:\/\/kruze.ee\/?page_id=1444609"},"modified":"2026-03-26T12:14:27","modified_gmt":"2026-03-26T09:14:27","slug":"t-sargid-logoga","status":"publish","type":"page","link":"https:\/\/kruze.ee\/et\/teenused\/t-sargid-logoga\/","title":{"rendered":"T-s\u00e4rgid logoga"},"content":{"rendered":"<section class=\"wpb-content-wrapper\"><p>[vc_row][vc_column width=&#8221;1\/2&#8243;][vc_single_image image=&#8221;52274&#8243; img_size=&#8221;large&#8221; alignment=&#8221;center&#8221; parallax_scroll=&#8221;no&#8221; woodmart_inline=&#8221;no&#8221;][\/vc_column][vc_column width=&#8221;1\/2&#8243; woodmart_text_align=&#8221;center&#8221; vertical_alignment=&#8221;eyJkZXZpY2VzIjp7ImRlc2t0b3AiOnsidmFsdWUiOiJjZW50ZXIifSwidGFibGV0Ijp7InZhbHVlIjoiIn0sIm1vYmlsZSI6eyJ2YWx1ZSI6IiJ9fX0=&#8221; css=&#8221;.vc_custom_1772363198982{padding-top: 60px !important;padding-right: 40px !important;padding-bottom: 60px !important;padding-left: 40px !important;}&#8221; woodmart_css_id=&#8221;69a41daf0eba7&#8243; parallax_scroll=&#8221;no&#8221; woodmart_sticky_column=&#8221;false&#8221; wd_collapsible_content_switcher=&#8221;no&#8221; wd_column_role_offcanvas_desktop=&#8221;no&#8221; wd_column_role_offcanvas_tablet=&#8221;no&#8221; wd_column_role_offcanvas_mobile=&#8221;no&#8221; wd_column_role_content_desktop=&#8221;no&#8221; wd_column_role_content_tablet=&#8221;no&#8221; wd_column_role_content_mobile=&#8221;no&#8221; mobile_bg_img_hidden=&#8221;no&#8221; tablet_bg_img_hidden=&#8221;no&#8221; woodmart_parallax=&#8221;0&#8243; woodmart_box_shadow=&#8221;no&#8221; responsive_spacing=&#8221;eyJwYXJhbV90eXBlIjoid29vZG1hcnRfcmVzcG9uc2l2ZV9zcGFjaW5nIiwic2VsZWN0b3JfaWQiOiI2OWE0MWRhZjBlYmE3Iiwic2hvcnRjb2RlIjoidmNfY29sdW1uIiwiZGF0YSI6eyJ0YWJsZXQiOnt9LCJtb2JpbGUiOnt9fX0=&#8221; mobile_reset_margin=&#8221;no&#8221; tablet_reset_margin=&#8221;no&#8221; wd_z_index=&#8221;no&#8221;][vc_column_text woodmart_inline=&#8221;no&#8221; text_larger=&#8221;no&#8221;]<\/p>\n<h2><\/h2>\n<h2 style=\"text-align: center;\">T-s\u00e4rgid logoga ettev\u00f5tetele<\/h2>\n<h4 style=\"text-align: center;\">T-s\u00e4rgid logoga on \u00fcks t\u00f5husamaid viise ettev\u00f5tte n\u00e4htavuse suurendamiseks.<br \/>\nTr\u00fckime ja tikime Eestis ning vastame hinnap\u00e4ringule 1 t\u00f6\u00f6p\u00e4eva jooksul.<\/h4>\n<p>[\/vc_column_text]<div id=\"wd-69a41c828e29a\" class=\" wd-rs-69a41c828e29a vc_custom_1772362894640 wd-button-wrapper text-center\"><a href=\"https:\/\/kruze.ee\/et\/kontakt\/\" title=\"kontakt\" class=\"btn btn-color-primary btn-style-default btn-shape-rectangle btn-size-large\">K\u00dcSI PAKKUMIST<\/a><\/div>[\/vc_column][\/vc_row][vc_row css=&#8221;.vc_custom_1772369481948{padding-top: 20px !important;padding-right: 20px !important;padding-bottom: 20px !important;padding-left: 20px !important;}&#8221; woodmart_css_id=&#8221;69a4363646f0c&#8221; responsive_spacing=&#8221;eyJwYXJhbV90eXBlIjoid29vZG1hcnRfcmVzcG9uc2l2ZV9zcGFjaW5nIiwic2VsZWN0b3JfaWQiOiI2OWE0MzYzNjQ2ZjBjIiwic2hvcnRjb2RlIjoidmNfcm93IiwiZGF0YSI6eyJ0YWJsZXQiOnt9LCJtb2JpbGUiOnt9fX0=&#8221; mobile_bg_img_hidden=&#8221;no&#8221; tablet_bg_img_hidden=&#8221;no&#8221; woodmart_parallax=&#8221;0&#8243; woodmart_gradient_switch=&#8221;no&#8221; woodmart_box_shadow=&#8221;no&#8221; wd_z_index=&#8221;no&#8221; woodmart_disable_overflow=&#8221;0&#8243; row_reverse_mobile=&#8221;0&#8243; row_reverse_tablet=&#8221;0&#8243;][vc_column css=&#8221;.vc_custom_1772364830126{padding-top: 40px !important;padding-bottom: 40px !important;}&#8221; woodmart_css_id=&#8221;69a424162a119&#8243; parallax_scroll=&#8221;no&#8221; woodmart_sticky_column=&#8221;false&#8221; wd_collapsible_content_switcher=&#8221;no&#8221; wd_column_role_offcanvas_desktop=&#8221;no&#8221; wd_column_role_offcanvas_tablet=&#8221;no&#8221; wd_column_role_offcanvas_mobile=&#8221;no&#8221; wd_column_role_content_desktop=&#8221;no&#8221; wd_column_role_content_tablet=&#8221;no&#8221; wd_column_role_content_mobile=&#8221;no&#8221; mobile_bg_img_hidden=&#8221;no&#8221; tablet_bg_img_hidden=&#8221;no&#8221; woodmart_parallax=&#8221;0&#8243; woodmart_box_shadow=&#8221;no&#8221; responsive_spacing=&#8221;eyJwYXJhbV90eXBlIjoid29vZG1hcnRfcmVzcG9uc2l2ZV9zcGFjaW5nIiwic2VsZWN0b3JfaWQiOiI2OWE0MjQxNjJhMTE5Iiwic2hvcnRjb2RlIjoidmNfY29sdW1uIiwiZGF0YSI6eyJ0YWJsZXQiOnt9LCJtb2JpbGUiOnt9fX0=&#8221; mobile_reset_margin=&#8221;no&#8221; tablet_reset_margin=&#8221;no&#8221; wd_z_index=&#8221;no&#8221;][vc_column_text woodmart_inline=&#8221;no&#8221; text_larger=&#8221;no&#8221;]<\/p>\n<h2>Meie tootmises tehtud T-s\u00e4rkide tr\u00fckid<\/h2>\n<p>[\/vc_column_text][vc_row_inner][vc_column_inner][vc_gallery type=&#8221;image_grid&#8221; images=&#8221;1444948,1445067,1445041,1446094,1446160,1446154&#8243; img_size=&#8221;&#8221;][\/vc_column_inner][\/vc_row_inner][vc_column_text woodmart_inline=&#8221;no&#8221; text_larger=&#8221;no&#8221;]<\/p>\n<h2 data-section-id=\"w1kfon\" data-start=\"554\" data-end=\"577\">Meie T-s\u00e4rkide valik<\/h2>\n<ul data-start=\"626\" data-end=\"712\">\n<li data-section-id=\"14wi5sj\" data-start=\"626\" data-end=\"656\"><a href=\"https:\/\/kruze.ee\/et\/tootekategooria\/tooroivad-logoga\/t-sargid-topid\/\"><strong data-start=\"631\" data-end=\"673\">Klassikalised T-s\u00e4rgid ja logoga<\/strong><\/a> \u2013 igap\u00e4evaseks kandmiseks ja kampaaniateks<\/li>\n<li data-section-id=\"1kbf3o8\" data-start=\"657\" data-end=\"687\"><a href=\"https:\/\/kruze.ee\/et\/tootekategooria\/tooroivad-logoga\/pikade-varrukatega-t-sargid\/\"><strong data-start=\"721\" data-end=\"766\">Pikkade varrukatega T-s\u00e4rgid logotamiseks<\/strong><\/a> \u2013 sobivad jahedamaks hooajaks<\/li>\n<li data-section-id=\"pzsamx\" data-start=\"688\" data-end=\"712\"><a href=\"https:\/\/kruze.ee\/et\/tootekategooria\/tooroivad-logoga\/polosargid-trukiga\/\"><strong data-start=\"801\" data-end=\"822\">Polos\u00e4rgid logoga<\/strong><\/a> \u2013 esinduslik lahendus m\u00fc\u00fcgi- ja teeninduspersonalile<\/li>\n<\/ul>\n<h2 data-section-id=\"1baj9o3\" data-start=\"171\" data-end=\"217\">1\ufe0f\u20e3Milline tr\u00fckitehnika sobib T-s\u00e4rkidele?<\/h2>\n<p data-start=\"219\" data-end=\"455\">T-s\u00e4rkide tr\u00fckkimise tehnika valik s\u00f5ltub kogusest, kujundusest, v\u00e4rvide arvust ja soovitud vastupidavusest. \u00d5ige tehnika valimine aitab hoida hinna kontrolli all ning tagab, et tulemus n\u00e4eb professionaalne v\u00e4lja ka p\u00e4rast mitmeid pesukordi.<\/p>\n<h3 data-section-id=\"pidloi\" data-start=\"457\" data-end=\"507\">Siiditr\u00fckk \u2013 parim valik suurematele kogustele<\/h3>\n<p data-start=\"509\" data-end=\"724\">Siiditr\u00fckk on klassikaline ja v\u00e4ga vastupidav tr\u00fckimeetod, mis sobib eriti h\u00e4sti suurema tiraa\u017eiga tellimustele.<br data-start=\"610\" data-end=\"613\" \/>Kui logo on 1\u20133 v\u00e4rviga ja kogus alates 30\u201350 tk, on siiditr\u00fckk sageli k\u00f5ige soodsaim lahendus t\u00fckihinna m\u00f5ttes.<\/p>\n<p data-start=\"726\" data-end=\"734\">Eelised:<\/p>\n<ul data-start=\"735\" data-end=\"820\">\n<li data-section-id=\"1f1pyqx\" data-start=\"735\" data-end=\"758\">\n<p data-start=\"737\" data-end=\"758\">V\u00e4ga vastupidav tr\u00fckk<\/p>\n<\/li>\n<li data-section-id=\"1j4nwys\" data-start=\"759\" data-end=\"786\">\n<p data-start=\"761\" data-end=\"786\">Soodne suure koguse puhul<\/p>\n<\/li>\n<li data-section-id=\"17ddkcf\" data-start=\"787\" data-end=\"820\">\n<p data-start=\"789\" data-end=\"820\">Erksad v\u00e4rvid ja kvaliteetne tulemus<\/p>\n<\/li>\n<\/ul>\n<h3 data-section-id=\"1rzxhhn\" data-start=\"822\" data-end=\"878\">DTF-tr\u00fckk \u2013 paindlik lahendus v\u00e4iksematele kogustele<\/h3>\n<p data-start=\"880\" data-end=\"1054\">DTF (Direct to Film) tr\u00fckk sobib h\u00e4sti v\u00e4iksematele tellimustele ja fotorealistlike disainide jaoks.<br data-start=\"978\" data-end=\"981\" \/>See v\u00f5imaldab tr\u00fckkida mitmev\u00e4rvilisi logosid ilma suure seadistuskuluta.<\/p>\n<p data-start=\"1056\" data-end=\"1064\">Eelised:<\/p>\n<ul data-start=\"1065\" data-end=\"1146\">\n<li data-section-id=\"1y4yf5q\" data-start=\"1065\" data-end=\"1093\">\n<p data-start=\"1067\" data-end=\"1093\">Sobib v\u00e4ikestele kogustele<\/p>\n<\/li>\n<li data-section-id=\"awdwxf\" data-start=\"1094\" data-end=\"1130\">\n<p data-start=\"1096\" data-end=\"1130\">Detailne ja mitmev\u00e4rviline tulemus<\/p>\n<\/li>\n<li data-section-id=\"168gqi3\" data-start=\"1131\" data-end=\"1146\">\n<p data-start=\"1133\" data-end=\"1146\">Kiire teostus<\/p>\n<\/li>\n<\/ul>\n<h3 data-section-id=\"12wlb6x\" data-start=\"1148\" data-end=\"1191\">Tikand \u2013 premium ja esinduslik lahendus<\/h3>\n<p data-start=\"1193\" data-end=\"1351\">Kui soovite soliidset ja esinduslikku tulemust, on tikand parim valik.<br data-start=\"1263\" data-end=\"1266\" \/>Tikitud logod sobivad eriti h\u00e4sti <a href=\"https:\/\/kruze.ee\/et\/tootekategooria\/tooroivad-logoga\/toofliisid-ja-toopusad\/\">t\u00f6\u00f6riietele<\/a>, <a href=\"https:\/\/kruze.ee\/et\/tootekategooria\/tooroivad-logoga\/polosargid-trukiga\/\">polos\u00e4rkidele<\/a> ja paksematele kangastele, <a href=\"https:\/\/kruze.ee\/et\/tootekategooria\/tooroivad-logoga\/fliisid-tikandiga\/\">fliisid<\/a>, <a href=\"https:\/\/kruze.ee\/et\/tootekategooria\/tooroivad-logoga\/pusad-logoga-reklaamroivad-ettevotetele\/\">pusad<\/a>, froteer\u00e4tikud jne.<\/p>\n<p data-start=\"1353\" data-end=\"1361\">Eelised:<\/p>\n<ul data-start=\"1362\" data-end=\"1450\">\n<li data-section-id=\"a3lger\" data-start=\"1362\" data-end=\"1379\">\n<p data-start=\"1364\" data-end=\"1379\">V\u00e4ga vastupidav<\/p>\n<\/li>\n<li data-section-id=\"r8x5ww\" data-start=\"1380\" data-end=\"1416\">\n<p data-start=\"1382\" data-end=\"1416\">Professionaalne ja luksuslik mulje<\/p>\n<\/li>\n<li data-section-id=\"x6ijta\" data-start=\"1417\" data-end=\"1450\">\n<p data-start=\"1419\" data-end=\"1450\">Sobib t\u00f6\u00f6- ja esindusr\u00f5ivastele<\/p>\n<\/li>\n<\/ul>\n<h3 data-section-id=\"1690mkl\" data-start=\"1452\" data-end=\"1483\">2\ufe0f\u20e3Kuidas valida \u00f5ige tehnika?<\/h3>\n<p data-start=\"1485\" data-end=\"1510\">\u00d5ige tr\u00fckitehnika s\u00f5ltub:<\/p>\n<ul data-start=\"1511\" data-end=\"1639\">\n<li data-section-id=\"1jyx2jz\" data-start=\"1511\" data-end=\"1523\">\n<p data-start=\"1513\" data-end=\"1523\">kogusest<\/p>\n<\/li>\n<li data-section-id=\"17vh77u\" data-start=\"1524\" data-end=\"1547\">\n<p data-start=\"1526\" data-end=\"1547\">logo v\u00e4rvide arvust<\/p>\n<\/li>\n<li data-section-id=\"hbp7a4\" data-start=\"1548\" data-end=\"1571\">\n<p data-start=\"1550\" data-end=\"1571\">r\u00f5ivaste materjalist<\/p>\n<\/li>\n<li data-section-id=\"116rrmr\" data-start=\"1572\" data-end=\"1585\">\n<p data-start=\"1574\" data-end=\"1585\">eelarvest<\/p>\n<\/li>\n<li data-section-id=\"sac4km\" data-start=\"1586\" data-end=\"1639\">\n<p data-start=\"1588\" data-end=\"1639\">kasutuse eesm\u00e4rgist (\u00fcritus, t\u00f6\u00f6riietus, kampaania)<\/p>\n<\/li>\n<\/ul>\n<p data-start=\"1641\" data-end=\"1720\">Kui ei ole kindel, aitame valida sobivaima lahenduse vastavalt sinu projektile.<\/p>\n<p>[\/vc_column_text][vc_column_text woodmart_inline=&#8221;no&#8221; text_larger=&#8221;no&#8221;]<\/p>\n<h3 data-section-id=\"j57qkz\" data-start=\"1331\" data-end=\"1366\">3\ufe0f\u20e3Kui palju maksab T-s\u00e4rgi tr\u00fckk?<\/h3>\n<p data-start=\"1368\" data-end=\"1430\">Hind s\u00f5ltub kogusest, tr\u00fckitehnikast ja kujunduse keerukusest.<\/p>\n<p data-start=\"1432\" data-end=\"1580\">N\u00e4ited:<\/p>\n<h3 data-start=\"1432\" data-end=\"1580\"><br data-start=\"1439\" data-end=\"1442\" \/>\u2022 Siiditr\u00fcki hind moodustub:<\/h3>\n<p data-start=\"1432\" data-end=\"1580\">\u00a0 \u2022 tr\u00fckitava materjali koostisest, n\u00e4iteks kas T-s\u00e4rk on puuvillane v\u00f5i pol\u00fcestrist<\/p>\n<p data-start=\"1432\" data-end=\"1580\">\u00a0 \u2022 v\u00e4rvide arvust, ehk mitu tr\u00fckiraami peab valmistama ( iga v\u00e4rv = \u00fcks tr\u00fckiraam )<\/p>\n<p data-start=\"1432\" data-end=\"1580\">\u00a0 \u2022 tr\u00fckitava pildi suurusest, kuni suuruseni A4 210x300mm on \u00fcks hind, kuni A3 300x400mm on teine hind<\/p>\n<p data-start=\"1432\" data-end=\"1580\">\u00a0 \u2022 50 s\u00e4rgi \u00fchev\u00e4ervilise\u00a0 tr\u00fcki, suurusega A4, puuvillasele kangale hind :\u00a0 tr\u00fckk\u00a0 50tk x 0,95\u20ac\u00a0 47,5\u20ac+ ettevalmistus 1&#215;20\u20ac kokku maksaks 67,50\u20ac+km\u00a0 ( hinnad n\u00e4itlikud ja v\u00f5ivad projekti l\u00f5ikes olla erinevad)<\/p>\n<h3 data-start=\"1432\" data-end=\"1580\">\u2022DTF tr\u00fcki\u00a0 hind moodustub:<\/h3>\n<p data-start=\"1432\" data-end=\"1580\">\u00a0 \u2022 Tr\u00fckitavate toodete kogusest<\/p>\n<p data-start=\"1432\" data-end=\"1580\">\u00a0 \u2022 tr\u00fckitava pildi suurusest, kuni suuruseni A4 210x300mm on \u00fcks hind, kuni A3 300x400mm on teine hind<\/p>\n<p data-start=\"1432\" data-end=\"1580\">\u00a0 \u2022 50 s\u00e4rgi v\u00e4rvilise\u00a0 tr\u00fcki, suurusega A4,\u00a0 hind :\u00a0 tr\u00fckk\u00a0 50tk x 2,55\u20ac\u00a0 127,50\u20ac+ ettevalmistus 0\u20ac kokku ( hinnad n\u00e4itlikud ja v\u00f5ivad projekti l\u00f5ikes olla erinevad)<\/p>\n<h3 data-start=\"1432\" data-end=\"1580\">\u2022 Logo tikandi\u00a0 hind moodustub:<\/h3>\n<p data-start=\"1432\" data-end=\"1580\">\u2022 tr\u00fckitava materjali koostisest, n\u00e4iteks kas T-s\u00e4rk on puuvillane v\u00f5i pol\u00fcestrist<\/p>\n<p data-start=\"1432\" data-end=\"1580\">\u00a0 \u2022 tr\u00fckitava pildi suurusest, kuni suuruseni A4 210x300mm on \u00fcks hind, kuni A3 300x400mm on teine hind<\/p>\n<p>\u2022 50 s\u00e4rgi \u00fchev\u00e4ervilise\u00a0 tikandiga , suurusega A4, puuvillasele kangale hind :\u00a0 tikand\u00a0 50tk x 4,50\u20ac =\u00a0 225\u20ac+ ettevalmistus 1&#215;45\u20ac kokku maksaks 270\u20ac+km\u00a0 ( hinnad n\u00e4itlikud ja v\u00f5ivad projekti l\u00f5ikes olla erinevad)<\/p>\n<p data-start=\"1582\" data-end=\"1633\">K\u00fcsi t\u00e4pne hinnapakkumine vastavalt oma projektile!<\/p>\n<hr data-start=\"1635\" data-end=\"1638\" \/>\n<h3 data-section-id=\"10y4bnv\" data-start=\"1640\" data-end=\"1666\">4\ufe0f\u20e3Kuidas tellimine k\u00e4ib?<\/h3>\n<ol data-start=\"1668\" data-end=\"1806\">\n<li data-section-id=\"hraz1e\" data-start=\"1668\" data-end=\"1702\">\n<p data-start=\"1671\" data-end=\"1702\">Saada meile oma logo ja kogus<\/p>\n<\/li>\n<li data-section-id=\"11qjjql\" data-start=\"1703\" data-end=\"1736\">\n<p data-start=\"1706\" data-end=\"1736\">Valime sobiva T-s\u00e4rgi, pusa, fliisi v\u00f5i mone muu soovitud toote mudeli<\/p>\n<\/li>\n<li data-section-id=\"11qjjql\" data-start=\"1703\" data-end=\"1736\">Kalkuleerime eelarve<\/li>\n<li data-section-id=\"149yfcy\" data-start=\"1737\" data-end=\"1767\">\n<p data-start=\"1740\" data-end=\"1767\">Teeme digitaalse eelvaate<\/p>\n<\/li>\n<li data-section-id=\"1ywlds3\" data-start=\"1768\" data-end=\"1806\">\n<p data-start=\"1771\" data-end=\"1806\">Kinnituse j\u00e4rel alustame tootmist<\/p>\n<\/li>\n<\/ol>\n<p>[\/vc_column_text][\/vc_column][\/vc_row]<\/p>\n<\/section>","protected":false},"excerpt":{"rendered":"<p>[vc_row][vc_column width=&#8221;1\/2&#8243;][vc_single_image image=&#8221;52274&#8243; img_size=&#8221;large&#8221; alignment=&#8221;center&#8221; parallax_scroll=&#8221;no&#8221; woodmart_inline=&#8221;no&#8221;][\/vc_column][vc_column width=&#8221;1\/2&#8243; woodmart_text_align=&#8221;center&#8221; vertical_alignment=&#8221;eyJkZXZpY2VzIjp7ImRlc2t0b3AiOnsidmFsdWUiOiJjZW50ZXIifSwidGFibGV0Ijp7InZhbHVlIjoiIn0sIm1vYmlsZSI6eyJ2YWx1ZSI6IiJ9fX0=&#8221; css=&#8221;.vc_custom_1772363198982{padding-top: 60px !important;padding-right: 40px !important;padding-bottom: 60px !important;padding-left: 40px !important;}&#8221; woodmart_css_id=&#8221;69a41daf0eba7&#8243;<\/p>\n","protected":false},"author":2,"featured_media":0,"parent":52743,"menu_order":0,"comment_status":"closed","ping_status":"closed","template":"","meta":{"footnotes":""},"class_list":["post-1444609","page","type-page","status-publish","hentry"],"acf":[],"yoast_head":"<!-- This site is optimized with the Yoast SEO plugin v26.0 - https:\/\/yoast.com\/wordpress\/plugins\/seo\/ -->\n<title>T-s\u00e4rgid logoga ettev\u00f5tetele | Tr\u00fckk ja tikand | Kruze Disain<\/title>\n<meta name=\"description\" content=\"T-s\u00e4rgid logoga ettev\u00f5tetele ja \u00fcritustele. Siiditr\u00fckk, DTF-tr\u00fckk ja tikand. Kiire tarne ja professionaalne kujundusabi. K\u00fcsi pakkumist!\" \/>\n<meta name=\"robots\" content=\"index, follow, max-snippet:-1, max-image-preview:large, max-video-preview:-1\" \/>\n<link rel=\"canonical\" href=\"https:\/\/kruze.ee\/et\/teenused\/t-sargid-logoga\/\" \/>\n<meta property=\"og:locale\" content=\"et_EE\" \/>\n<meta property=\"og:type\" content=\"article\" \/>\n<meta property=\"og:title\" content=\"T-s\u00e4rgid logoga ettev\u00f5tetele | Tr\u00fckk ja tikand | Kruze Disain\" \/>\n<meta property=\"og:description\" content=\"T-s\u00e4rgid logoga ettev\u00f5tetele ja \u00fcritustele. Siiditr\u00fckk, DTF-tr\u00fckk ja tikand. Kiire tarne ja professionaalne kujundusabi. K\u00fcsi pakkumist!\" \/>\n<meta property=\"og:url\" content=\"https:\/\/kruze.ee\/et\/teenused\/t-sargid-logoga\/\" \/>\n<meta property=\"og:site_name\" content=\"Kruze.ee\" \/>\n<meta property=\"article:modified_time\" content=\"2026-03-26T09:14:27+00:00\" \/>\n<meta name=\"twitter:card\" content=\"summary_large_image\" \/>\n<meta name=\"twitter:label1\" content=\"Est. reading time\" \/>\n\t<meta name=\"twitter:data1\" content=\"5 minutit\" \/>\n<script type=\"application\/ld+json\" class=\"yoast-schema-graph\">{\"@context\":\"https:\/\/schema.org\",\"@graph\":[{\"@type\":\"WebPage\",\"@id\":\"https:\/\/kruze.ee\/et\/teenused\/t-sargid-logoga\/\",\"url\":\"https:\/\/kruze.ee\/et\/teenused\/t-sargid-logoga\/\",\"name\":\"T-s\u00e4rgid logoga ettev\u00f5tetele | Tr\u00fckk ja tikand | Kruze Disain\",\"isPartOf\":{\"@id\":\"https:\/\/kruze.ee\/et\/#website\"},\"datePublished\":\"2026-02-28T20:47:44+00:00\",\"dateModified\":\"2026-03-26T09:14:27+00:00\",\"description\":\"T-s\u00e4rgid logoga ettev\u00f5tetele ja \u00fcritustele. Siiditr\u00fckk, DTF-tr\u00fckk ja tikand. Kiire tarne ja professionaalne kujundusabi. K\u00fcsi pakkumist!\",\"breadcrumb\":{\"@id\":\"https:\/\/kruze.ee\/et\/teenused\/t-sargid-logoga\/#breadcrumb\"},\"inLanguage\":\"et\",\"potentialAction\":[{\"@type\":\"ReadAction\",\"target\":[\"https:\/\/kruze.ee\/et\/teenused\/t-sargid-logoga\/\"]}]},{\"@type\":\"BreadcrumbList\",\"@id\":\"https:\/\/kruze.ee\/et\/teenused\/t-sargid-logoga\/#breadcrumb\",\"itemListElement\":[{\"@type\":\"ListItem\",\"position\":1,\"name\":\"Home\",\"item\":\"https:\/\/kruze.ee\/et\/\"},{\"@type\":\"ListItem\",\"position\":2,\"name\":\"Teenused\",\"item\":\"https:\/\/kruze.ee\/et\/teenused\/\"},{\"@type\":\"ListItem\",\"position\":3,\"name\":\"T-s\u00e4rgid logoga\"}]},{\"@type\":\"WebSite\",\"@id\":\"https:\/\/kruze.ee\/et\/#website\",\"url\":\"https:\/\/kruze.ee\/et\/\",\"name\":\"Kruze.ee\",\"description\":\"Reklaamkingitused, tr&uuml;kiga T-s&auml;rgid, fliisid, dressipluused, tekstiil, joped ja paljud teised logoga meened, &Auml;rikingitused sinu partnerile! Telli juba t&auml;na.\",\"potentialAction\":[{\"@type\":\"SearchAction\",\"target\":{\"@type\":\"EntryPoint\",\"urlTemplate\":\"https:\/\/kruze.ee\/et\/?s={search_term_string}\"},\"query-input\":{\"@type\":\"PropertyValueSpecification\",\"valueRequired\":true,\"valueName\":\"search_term_string\"}}],\"inLanguage\":\"et\"}]}<\/script>\n<!-- \/ Yoast SEO plugin. -->","yoast_head_json":{"title":"T-s\u00e4rgid logoga ettev\u00f5tetele | Tr\u00fckk ja tikand | Kruze Disain","description":"T-s\u00e4rgid logoga ettev\u00f5tetele ja \u00fcritustele. Siiditr\u00fckk, DTF-tr\u00fckk ja tikand. Kiire tarne ja professionaalne kujundusabi. K\u00fcsi pakkumist!","robots":{"index":"index","follow":"follow","max-snippet":"max-snippet:-1","max-image-preview":"max-image-preview:large","max-video-preview":"max-video-preview:-1"},"canonical":"https:\/\/kruze.ee\/et\/teenused\/t-sargid-logoga\/","og_locale":"et_EE","og_type":"article","og_title":"T-s\u00e4rgid logoga ettev\u00f5tetele | Tr\u00fckk ja tikand | Kruze Disain","og_description":"T-s\u00e4rgid logoga ettev\u00f5tetele ja \u00fcritustele. Siiditr\u00fckk, DTF-tr\u00fckk ja tikand. Kiire tarne ja professionaalne kujundusabi. K\u00fcsi pakkumist!","og_url":"https:\/\/kruze.ee\/et\/teenused\/t-sargid-logoga\/","og_site_name":"Kruze.ee","article_modified_time":"2026-03-26T09:14:27+00:00","twitter_card":"summary_large_image","twitter_misc":{"Est. reading time":"5 minutit"},"schema":{"@context":"https:\/\/schema.org","@graph":[{"@type":"WebPage","@id":"https:\/\/kruze.ee\/et\/teenused\/t-sargid-logoga\/","url":"https:\/\/kruze.ee\/et\/teenused\/t-sargid-logoga\/","name":"T-s\u00e4rgid logoga ettev\u00f5tetele | Tr\u00fckk ja tikand | Kruze Disain","isPartOf":{"@id":"https:\/\/kruze.ee\/et\/#website"},"datePublished":"2026-02-28T20:47:44+00:00","dateModified":"2026-03-26T09:14:27+00:00","description":"T-s\u00e4rgid logoga ettev\u00f5tetele ja \u00fcritustele. Siiditr\u00fckk, DTF-tr\u00fckk ja tikand. Kiire tarne ja professionaalne kujundusabi. K\u00fcsi pakkumist!","breadcrumb":{"@id":"https:\/\/kruze.ee\/et\/teenused\/t-sargid-logoga\/#breadcrumb"},"inLanguage":"et","potentialAction":[{"@type":"ReadAction","target":["https:\/\/kruze.ee\/et\/teenused\/t-sargid-logoga\/"]}]},{"@type":"BreadcrumbList","@id":"https:\/\/kruze.ee\/et\/teenused\/t-sargid-logoga\/#breadcrumb","itemListElement":[{"@type":"ListItem","position":1,"name":"Home","item":"https:\/\/kruze.ee\/et\/"},{"@type":"ListItem","position":2,"name":"Teenused","item":"https:\/\/kruze.ee\/et\/teenused\/"},{"@type":"ListItem","position":3,"name":"T-s\u00e4rgid logoga"}]},{"@type":"WebSite","@id":"https:\/\/kruze.ee\/et\/#website","url":"https:\/\/kruze.ee\/et\/","name":"Kruze.ee","description":"Reklaamkingitused, tr&uuml;kiga T-s&auml;rgid, fliisid, dressipluused, tekstiil, joped ja paljud teised logoga meened, &Auml;rikingitused sinu partnerile! Telli juba t&auml;na.","potentialAction":[{"@type":"SearchAction","target":{"@type":"EntryPoint","urlTemplate":"https:\/\/kruze.ee\/et\/?s={search_term_string}"},"query-input":{"@type":"PropertyValueSpecification","valueRequired":true,"valueName":"search_term_string"}}],"inLanguage":"et"}]}},"_links":{"self":[{"href":"https:\/\/kruze.ee\/et\/wp-json\/wp\/v2\/pages\/1444609","targetHints":{"allow":["GET"]}}],"collection":[{"href":"https:\/\/kruze.ee\/et\/wp-json\/wp\/v2\/pages"}],"about":[{"href":"https:\/\/kruze.ee\/et\/wp-json\/wp\/v2\/types\/page"}],"author":[{"embeddable":true,"href":"https:\/\/kruze.ee\/et\/wp-json\/wp\/v2\/users\/2"}],"replies":[{"embeddable":true,"href":"https:\/\/kruze.ee\/et\/wp-json\/wp\/v2\/comments?post=1444609"}],"version-history":[{"count":99,"href":"https:\/\/kruze.ee\/et\/wp-json\/wp\/v2\/pages\/1444609\/revisions"}],"predecessor-version":[{"id":1446167,"href":"https:\/\/kruze.ee\/et\/wp-json\/wp\/v2\/pages\/1444609\/revisions\/1446167"}],"up":[{"embeddable":true,"href":"https:\/\/kruze.ee\/et\/wp-json\/wp\/v2\/pages\/52743"}],"wp:attachment":[{"href":"https:\/\/kruze.ee\/et\/wp-json\/wp\/v2\/media?parent=1444609"}],"curies":[{"name":"wp","href":"https:\/\/api.w.org\/{rel}","templated":true}]}}