{"id":13419,"date":"2020-02-22T10:52:57","date_gmt":"2020-02-22T10:52:57","guid":{"rendered":"https:\/\/dev.doyle.ee\/?page_id=13419"},"modified":"2020-05-29T13:49:35","modified_gmt":"2020-05-29T13:49:35","slug":"sublimatsioontrukk","status":"publish","type":"page","link":"https:\/\/kruze.ee\/et\/sublimatsioontrukk\/","title":{"rendered":"Sublimatsioontr\u00fckk"},"content":{"rendered":"<section class=\"wpb-content-wrapper\"><p>[vc_row][vc_column][vc_column_text text_larger=&#8221;no&#8221;]<\/p>\r\n<h1 class=\"wp-block-heading\">Sublimatsioontr\u00fckk<\/h1>\r\n<p>Sublimatsioontr\u00fckis ei kanta kujutist toote pinnale, vaid materjali sisse, nii et k\u00e4ega katsudes ei ole v\u00f5imalik vahet teha tr\u00fckiga ja ilma tr\u00fckita pinna vahel. See tagab tr\u00fcki hea p\u00fcsivuse &#8211; tr\u00fckk ei kulu maha, v\u00e4rvikiht ei v\u00e4henda kanga hingavust ja venib koos tootega, ilma et hakkaks pragunema.<\/p>\r\n<h4><strong>Tehnoloogia<\/strong><\/h4>\r\n<p>Sublimatsioontr\u00fcki v\u00e4rvid on l\u00e4bipaistvad, seet\u00f5ttu kasutatakse seda tr\u00fckimeetodit \u00fcldjuhul valgetel toodetel. P\u00f5him\u00f5tteliselt on v\u00f5imalik tr\u00fckkida ka v\u00e4rvilisele pinnale, aga sealjuures tuleb arvestada, et aluspinna v\u00e4rv seguneb tr\u00fckitava v\u00e4rviga, mist\u00f5ttu v\u00e4rvitoonid muutuvad. N\u00e4iteks sinise v\u00e4rvi tr\u00fckkimisel kollasele s\u00e4rgile on tulemuseks sinakasroheline. V\u00e4rvilistele toodetele v\u00f5ib tr\u00fckkida n\u00e4iteks mustaga.<\/p>\r\n<ol start=\"1\" type=\"1\">\r\n<li>Peegelpildis kujutis prinditakse sublimatsiooniprinteriga spetsiaalsele siirdepaberile.<\/li>\r\n<li>Paber asetatakse tootele tr\u00fckitud pool vastu toodet ja kuumutatakse pressi all etten\u00e4htud aja. Kuumutamise k\u00e4igus muutub v\u00e4rv tahkest olekust gaasiliseks ja v\u00e4rvi molekulid imbuvad toote materjali sisse.<\/li>\r\n<\/ol>\r\n<p>Kuna kujutise tr\u00fckkimiseks kasutatakse printerit, siis seavad printeri ja paberi m\u00f5\u00f5dud piirangud tr\u00fcki suurusele. Meie saame tr\u00fckkida kuni A3 m\u00f5\u00f5dus (297 x 420 mm) kujutisi. Tr\u00fckkida ei saa \u00fcle \u00f5mbluste, sest \u00f5mbluste juures on pressi surve eba\u00fchtlane ja seet\u00f5ttu ei kandu v\u00e4rv korralikult tootele.<\/p>\r\n<h4><strong>Millistele toodetele sobib sublimatsioontr\u00fckk?<\/strong><\/h4>\r\n<p>Sublimatsioontr\u00fckki saab teha r\u00f5ivastele ja muudele tekstiiltoodetele (vihmavarjud, kotid, r\u00e4tikud, p\u00f5lled, torusallid), mille kangas sisaldab v\u00e4hemalt 70% pol\u00fcestrit ja k\u00f5vapinnalistele toodetele (kruusid, termoskruusid, puzzled, kohvrilipikud), mille pind on kaetud spetsiaalse kihiga.<\/p>\r\n<p>Tekstiiltoodete puhul on oluline, et toode kannataks kuumust v\u00e4hemalt 200\u00b0C ilma, et selle tekstuur pressi all muutuks &#8211; m\u00f5nedele s\u00e4rkidele v\u00f5ib kuumutamisel j\u00e4\u00e4da v\u00e4ga tugev pressi j\u00e4lg. Seet\u00f5ttu soovitame kasutada spetsiaalseid sublimatsioontr\u00fckiks m\u00f5eldud s\u00e4rke, muude r\u00f5ivaesemete puhul on vajalik eelnev katsetamine.<\/p>\r\n<p>Sublimatsioontr\u00fckk sobib eriti h\u00e4sti spordis\u00e4rkide tr\u00fckkimiseks, sest see on vastupidav sagedasele pesemisele ja ei v\u00e4henda toote hingavust. Kuna puudub keerukas ettevalmistusprotsess ja hind ei s\u00f5ltu tr\u00fckitavate v\u00e4rvide arvust, sobib sublimatsioon ka v\u00e4ikeste partiide v\u00f5i \u00fcksikute toodete tr\u00fckkimiseks.<\/p>\r\n<p>Juhul, kui on kiiresti vaja v\u00e4ikest kogust mitmev\u00e4rvilise tr\u00fckiga v\u00f5i nimelisi kruuse, on sublimatsioontr\u00fckk samuti parim lahendus.<\/p>\r\n<h4><strong>Millised on n\u00f5uded kujundusfailidele?<\/strong><\/h4>\r\n<p>Logode kandmiseks toodetele sublimatsioontr\u00fckis sobivad nii vektorgraafika- kui ka pildifailid. Sobivad faililaiendid on: .pdf, .cdr, .ai, .eps. .jpg, .png, .tif, .psd. Vektorfailis peaksid tekstid olema kurvitud (muudetud vektorkujutiseks). Pildifailid peaksid olema 1:1 m\u00f5\u00f5dus, resolutsiooniga 300 ppi.<\/p>\r\n<p>Kui sul ei ole sobivat faili, saame aidata ka kujundusteenusega &#8211; v\u00f5ta meiega julgesti \u00fchendust.<\/p>\r\n<h4><strong>Kuidas sublimatsioontr\u00fckki tellida?<\/strong><\/h4>\r\n<p>Saatke meile oma kujundus. Vaatame selle \u00fcle ja koostame hinnakalkulatsiooni.<\/p>\r\n<p>Hinnakalkulatsiooni koostamiseks vajame:<\/p>\r\n<ul>\r\n<li>Tr\u00fckitavate toodete kogust.<\/li>\r\n<li>Logo suurust.<\/li>\r\n<\/ul>\r\n<h3><strong>Sublimatsioontr\u00fckiga tehtud t\u00f6\u00f6d:<\/strong><\/h3>\r\n<p>[\/vc_column_text][\/vc_column][\/vc_row][vc_row][vc_column]\t\t\t\t\t\t\t\t\t<div\n\t\t\t\t\t\t\t\tclass=\"wd-portfolio-element\">\n\t\t\t\t\t\t\t\t\t\t\n\t\t\t\t\t<div class=\"wd-projects wd-masonry wd-grid-f-col\" data-atts=\"{&quot;carousel_id&quot;:&quot;5000&quot;,&quot;speed&quot;:&quot;5000&quot;,&quot;slides_per_view&quot;:&quot;3&quot;,&quot;slides_per_view_tablet&quot;:&quot;auto&quot;,&quot;slides_per_view_mobile&quot;:&quot;auto&quot;,&quot;wrap&quot;:&quot;&quot;,&quot;loop&quot;:false,&quot;autoplay&quot;:&quot;no&quot;,&quot;autoheight&quot;:&quot;no&quot;,&quot;hide_pagination_control&quot;:&quot;no&quot;,&quot;hide_pagination_control_tablet&quot;:&quot;yes&quot;,&quot;hide_pagination_control_mobile&quot;:&quot;yes&quot;,&quot;dynamic_pagination_control&quot;:&quot;no&quot;,&quot;hide_prev_next_buttons&quot;:&quot;&quot;,&quot;hide_prev_next_buttons_tablet&quot;:&quot;&quot;,&quot;hide_prev_next_buttons_mobile&quot;:&quot;&quot;,&quot;carousel_arrows_position&quot;:&quot;&quot;,&quot;hide_scrollbar&quot;:&quot;yes&quot;,&quot;hide_scrollbar_tablet&quot;:&quot;yes&quot;,&quot;hide_scrollbar_mobile&quot;:&quot;yes&quot;,&quot;scroll_per_page&quot;:&quot;yes&quot;,&quot;dragEndSpeed&quot;:200,&quot;center_mode&quot;:&quot;no&quot;,&quot;custom_sizes&quot;:&quot;&quot;,&quot;sliding_speed&quot;:false,&quot;animation&quot;:false,&quot;content_animation&quot;:false,&quot;post_type&quot;:&quot;portfolio&quot;,&quot;slider&quot;:&quot;&quot;,&quot;library&quot;:&quot;&quot;,&quot;css&quot;:&quot;&quot;,&quot;effect&quot;:&quot;&quot;,&quot;spacing&quot;:&quot;0&quot;,&quot;spacing_tablet&quot;:&quot;&quot;,&quot;spacing_mobile&quot;:&quot;&quot;,&quot;carousel_sync&quot;:&quot;&quot;,&quot;sync_parent_id&quot;:&quot;&quot;,&quot;sync_child_id&quot;:&quot;&quot;,&quot;scroll_carousel_init&quot;:&quot;no&quot;,&quot;disable_overflow_carousel&quot;:&quot;no&quot;,&quot;posts_per_page&quot;:&quot;100&quot;,&quot;filters&quot;:&quot;0&quot;,&quot;filters_type&quot;:&quot;masonry&quot;,&quot;include&quot;:&quot;&quot;,&quot;categories&quot;:&quot;2774&quot;,&quot;style&quot;:&quot;hover&quot;,&quot;columns&quot;:&quot;3&quot;,&quot;columns_tablet&quot;:&quot;auto&quot;,&quot;columns_mobile&quot;:&quot;auto&quot;,&quot;pagination&quot;:&quot;pagination&quot;,&quot;ajax_page&quot;:&quot;&quot;,&quot;orderby&quot;:&quot;&quot;,&quot;order&quot;:&quot;&quot;,&quot;layout&quot;:&quot;grid&quot;,&quot;lazy_loading&quot;:&quot;no&quot;,&quot;el_class&quot;:&quot;&quot;,&quot;el_id&quot;:&quot;&quot;,&quot;wrapper_classes&quot;:&quot;&quot;,&quot;image_size&quot;:&quot;large&quot;,&quot;image_size_custom&quot;:[],&quot;element_title&quot;:&quot;&quot;,&quot;element_title_tag&quot;:&quot;h3&quot;,&quot;inner_content&quot;:&quot;&quot;,&quot;woodmart_css_id&quot;:&quot;&quot;}\" data-source=\"shortcode\" data-paged=\"1\" style=\"--wd-col-lg:3;--wd-col-md:3;--wd-col-sm:1;--wd-gap-lg:0px;\">\n\t\t\t\t\t\t\n<article id=\"post-52501\" class=\"wd-project portfolio-entry wd-col masonry-item portfolio-hover proj-cat-sublimatsioontrukk post-52501 portfolio type-portfolio status-publish has-post-thumbnail hentry project-cat-sublimatsioontrukk\">\n\t<header class=\"entry-header\">\n\t\t\t\t\t<figure class=\"entry-thumbnail color-scheme-light\">\n\t\t\t\t<a href=\"https:\/\/kruze.ee\/et\/portfolio\/sublimatsioontrukk-t-sargil\/\" class=\"portfolio-thumbnail\">\n\t\t\t\t\t<img decoding=\"async\" width=\"1024\" height=\"1024\" src=\"https:\/\/kruze.ee\/wp-content\/uploads\/2020\/04\/Sublimatsioontr\u00fckk-Garage48-t-s\u00e4rk-20190308-0045.png\" class=\"attachment-large size-large\" alt=\"Sublimatsioontr\u00fckk t-s\u00e4rgil.\" srcset=\"https:\/\/kruze.ee\/wp-content\/uploads\/2020\/04\/Sublimatsioontr\u00fckk-Garage48-t-s\u00e4rk-20190308-0045.png 1080w, https:\/\/kruze.ee\/wp-content\/uploads\/2020\/04\/Sublimatsioontr\u00fckk-Garage48-t-s\u00e4rk-20190308-0045-300x300.png 300w\" sizes=\"(max-width: 1024px) 100vw, 1024px\" \/>\t\t\t\t<\/a>\n\t\t\t\t<div class=\"wd-portfolio-btns\">\n\t\t\t\t\t<div class=\"portfolio-enlarge wd-action-btn wd-style-icon wd-enlarge-icon\">\n\t\t\t\t\t\t<a href=\"https:\/\/kruze.ee\/wp-content\/uploads\/2020\/04\/Sublimatsioontr\u00fckk-Garage48-t-s\u00e4rk-20190308-0045.png\" data-elementor-open-lightbox=\"no\">View Large<\/a>\n\t\t\t\t\t<\/div>\n\t\t\t\t\t\t\t\t\t\t\t<div class=\"social-icons-wrapper wd-action-btn wd-style-icon wd-share-icon wd-tltp\">\n\t\t\t\t\t\t\t<a><\/a>\n\t\t\t\t\t\t\t<div class=\"tooltip left\">\n\t\t\t\t\t\t\t\t<div class=\"tooltip-arrow\"><\/div>\n\t\t\t\t\t\t\t\t<div class=\"tooltip-inner\">\n\t\t\t\t\t\t\t\t\t\t\t\t<div\n\t\t\t\t\t\tclass=\" wd-social-icons  wd-style-default wd-size-small social-share wd-shape-circle color-scheme-light text-center\">\n\t\t\t\t\n\t\t\t\t\n\t\t\t\t\t\t\t\t\t<a rel=\"noopener noreferrer nofollow\" href=\"https:\/\/www.facebook.com\/sharer\/sharer.php?u=https:\/\/kruze.ee\/et\/portfolio\/sublimatsioontrukk-t-sargil\/\" target=\"_blank\" class=\" wd-social-icon social-facebook\" aria-label=\"Facebook social link\">\n\t\t\t\t\t\t<span class=\"wd-icon\"><\/span>\n\t\t\t\t\t\t\t\t\t\t\t<\/a>\n\t\t\t\t\n\t\t\t\t\t\t\t\t\t<a rel=\"noopener noreferrer nofollow\" href=\"https:\/\/x.com\/share?url=https:\/\/kruze.ee\/et\/portfolio\/sublimatsioontrukk-t-sargil\/\" target=\"_blank\" class=\" wd-social-icon social-twitter\" aria-label=\"X social link\">\n\t\t\t\t\t\t<span class=\"wd-icon\"><\/span>\n\t\t\t\t\t\t\t\t\t\t\t<\/a>\n\t\t\t\t\n\t\t\t\t\n\t\t\t\t\n\t\t\t\t\n\t\t\t\t\n\t\t\t\t\n\t\t\t\t\t\t\t\t\t<a rel=\"noopener noreferrer nofollow\" href=\"https:\/\/pinterest.com\/pin\/create\/button\/?url=https:\/\/kruze.ee\/et\/portfolio\/sublimatsioontrukk-t-sargil\/&media=https:\/\/kruze.ee\/wp-content\/uploads\/2020\/04\/Sublimatsioontr\u00fckk-Garage48-t-s\u00e4rk-20190308-0045.png&description=Sublimatsioontr%C3%BCkk+t-s%C3%A4rgil.\" target=\"_blank\" class=\" wd-social-icon social-pinterest\" aria-label=\"Pinterest social link\">\n\t\t\t\t\t\t<span class=\"wd-icon\"><\/span>\n\t\t\t\t\t\t\t\t\t\t\t<\/a>\n\t\t\t\t\n\t\t\t\t\n\t\t\t\t\t\t\t\t\t<a rel=\"noopener noreferrer nofollow\" href=\"https:\/\/www.linkedin.com\/shareArticle?mini=true&url=https:\/\/kruze.ee\/et\/portfolio\/sublimatsioontrukk-t-sargil\/\" target=\"_blank\" class=\" wd-social-icon social-linkedin\" aria-label=\"Linkedin social link\">\n\t\t\t\t\t\t<span class=\"wd-icon\"><\/span>\n\t\t\t\t\t\t\t\t\t\t\t<\/a>\n\t\t\t\t\n\t\t\t\t\n\t\t\t\t\n\t\t\t\t\n\t\t\t\t\n\t\t\t\t\n\t\t\t\t\n\t\t\t\t\n\t\t\t\t\n\t\t\t\t\n\t\t\t\t\n\t\t\t\t\n\t\t\t\t\n\t\t\t\t\n\t\t\t\t\n\t\t\t\t\t\t\t\t\t<a rel=\"noopener noreferrer nofollow\" href=\"https:\/\/telegram.me\/share\/url?url=https:\/\/kruze.ee\/et\/portfolio\/sublimatsioontrukk-t-sargil\/\" target=\"_blank\" class=\" wd-social-icon social-tg\" aria-label=\"Telegram social link\">\n\t\t\t\t\t\t<span class=\"wd-icon\"><\/span>\n\t\t\t\t\t\t\t\t\t\t\t<\/a>\n\t\t\t\t\n\t\t\t\t\n\t\t\t<\/div>\n\n\t\t\t\t\t\t\t\t\t\t<\/div>\n\t\t\t\t\t\t\t<\/div>\n\t\t\t\t\t\t<\/div>\n\t\t\t\t\t\t\t\t\t<\/div>\n\t\t\t<\/figure>\n\t\t\n\t\t<div class=\"portfolio-info color-scheme-light\">\n\t\t\t\t\t\t\t<div class=\"wrap-meta\">\n\t\t\t\t\t<ul class=\"proj-cats-list\">\n\t\t\t\t\t\t\t\t\t\t\t\t\t\t\t\t\t\t\t\t<li>Sublimatsioontr\u00fckk<\/li>\n\t\t\t\t\t\t\t\t\t\t\t<\/ul>\n\t\t\t\t<\/div>\n\t\t\t\n\t\t\t<div class=\"wrap-title\">\n\t\t\t\t<h3 class=\"wd-entities-title\">\n\t\t\t\t\t<a href=\"https:\/\/kruze.ee\/et\/portfolio\/sublimatsioontrukk-t-sargil\/\" rel=\"bookmark\">Sublimatsioontr\u00fckk t-s\u00e4rgil.<\/a>\n\t\t\t\t<\/h3>\n\t\t\t<\/div>\n\t\t<\/div>\n\t<\/header>\n<\/article>\n\n<article id=\"post-52502\" class=\"wd-project portfolio-entry wd-col masonry-item portfolio-hover proj-cat-sublimatsioontrukk post-52502 portfolio type-portfolio status-publish has-post-thumbnail hentry project-cat-sublimatsioontrukk\">\n\t<header class=\"entry-header\">\n\t\t\t\t\t<figure class=\"entry-thumbnail color-scheme-light\">\n\t\t\t\t<a href=\"https:\/\/kruze.ee\/et\/portfolio\/venseni-kahepoolse-trukiga-mikrokiudratik\/\" class=\"portfolio-thumbnail\">\n\t\t\t\t\t<img decoding=\"async\" width=\"1024\" height=\"1024\" src=\"https:\/\/kruze.ee\/wp-content\/uploads\/2020\/04\/Sublimatsioontr\u00fckk-Vensen-r\u00e4tik_MG_0433-1024x1024.png\" class=\"attachment-large size-large\" alt=\"Venseni kahepoolse tr\u00fckiga mikrokiudr\u00e4tik.\" srcset=\"https:\/\/kruze.ee\/wp-content\/uploads\/2020\/04\/Sublimatsioontr\u00fckk-Vensen-r\u00e4tik_MG_0433-1024x1024.png 1024w, https:\/\/kruze.ee\/wp-content\/uploads\/2020\/04\/Sublimatsioontr\u00fckk-Vensen-r\u00e4tik_MG_0433-300x300.png 300w, https:\/\/kruze.ee\/wp-content\/uploads\/2020\/04\/Sublimatsioontr\u00fckk-Vensen-r\u00e4tik_MG_0433-150x150.png 150w, https:\/\/kruze.ee\/wp-content\/uploads\/2020\/04\/Sublimatsioontr\u00fckk-Vensen-r\u00e4tik_MG_0433-768x768.png 768w, https:\/\/kruze.ee\/wp-content\/uploads\/2020\/04\/Sublimatsioontr\u00fckk-Vensen-r\u00e4tik_MG_0433-600x600.png 600w, https:\/\/kruze.ee\/wp-content\/uploads\/2020\/04\/Sublimatsioontr\u00fckk-Vensen-r\u00e4tik_MG_0433.png 1080w\" sizes=\"(max-width: 1024px) 100vw, 1024px\" \/>\t\t\t\t<\/a>\n\t\t\t\t<div class=\"wd-portfolio-btns\">\n\t\t\t\t\t<div class=\"portfolio-enlarge wd-action-btn wd-style-icon wd-enlarge-icon\">\n\t\t\t\t\t\t<a href=\"https:\/\/kruze.ee\/wp-content\/uploads\/2020\/04\/Sublimatsioontr\u00fckk-Vensen-r\u00e4tik_MG_0433.png\" data-elementor-open-lightbox=\"no\">View Large<\/a>\n\t\t\t\t\t<\/div>\n\t\t\t\t\t\t\t\t\t\t\t<div class=\"social-icons-wrapper wd-action-btn wd-style-icon wd-share-icon wd-tltp\">\n\t\t\t\t\t\t\t<a><\/a>\n\t\t\t\t\t\t\t<div class=\"tooltip left\">\n\t\t\t\t\t\t\t\t<div class=\"tooltip-arrow\"><\/div>\n\t\t\t\t\t\t\t\t<div class=\"tooltip-inner\">\n\t\t\t\t\t\t\t\t\t\t\t\t<div\n\t\t\t\t\t\tclass=\" wd-social-icons  wd-style-default wd-size-small social-share wd-shape-circle color-scheme-light text-center\">\n\t\t\t\t\n\t\t\t\t\n\t\t\t\t\t\t\t\t\t<a rel=\"noopener noreferrer nofollow\" href=\"https:\/\/www.facebook.com\/sharer\/sharer.php?u=https:\/\/kruze.ee\/et\/portfolio\/venseni-kahepoolse-trukiga-mikrokiudratik\/\" target=\"_blank\" class=\" wd-social-icon social-facebook\" aria-label=\"Facebook social link\">\n\t\t\t\t\t\t<span class=\"wd-icon\"><\/span>\n\t\t\t\t\t\t\t\t\t\t\t<\/a>\n\t\t\t\t\n\t\t\t\t\t\t\t\t\t<a rel=\"noopener noreferrer nofollow\" href=\"https:\/\/x.com\/share?url=https:\/\/kruze.ee\/et\/portfolio\/venseni-kahepoolse-trukiga-mikrokiudratik\/\" target=\"_blank\" class=\" wd-social-icon social-twitter\" aria-label=\"X social link\">\n\t\t\t\t\t\t<span class=\"wd-icon\"><\/span>\n\t\t\t\t\t\t\t\t\t\t\t<\/a>\n\t\t\t\t\n\t\t\t\t\n\t\t\t\t\n\t\t\t\t\n\t\t\t\t\n\t\t\t\t\n\t\t\t\t\t\t\t\t\t<a rel=\"noopener noreferrer nofollow\" href=\"https:\/\/pinterest.com\/pin\/create\/button\/?url=https:\/\/kruze.ee\/et\/portfolio\/venseni-kahepoolse-trukiga-mikrokiudratik\/&media=https:\/\/kruze.ee\/wp-content\/uploads\/2020\/04\/Sublimatsioontr\u00fckk-Vensen-r\u00e4tik_MG_0433.png&description=Venseni+kahepoolse+tr%C3%BCkiga+mikrokiudr%C3%A4tik.\" target=\"_blank\" class=\" wd-social-icon social-pinterest\" aria-label=\"Pinterest social link\">\n\t\t\t\t\t\t<span class=\"wd-icon\"><\/span>\n\t\t\t\t\t\t\t\t\t\t\t<\/a>\n\t\t\t\t\n\t\t\t\t\n\t\t\t\t\t\t\t\t\t<a rel=\"noopener noreferrer nofollow\" href=\"https:\/\/www.linkedin.com\/shareArticle?mini=true&url=https:\/\/kruze.ee\/et\/portfolio\/venseni-kahepoolse-trukiga-mikrokiudratik\/\" target=\"_blank\" class=\" wd-social-icon social-linkedin\" aria-label=\"Linkedin social link\">\n\t\t\t\t\t\t<span class=\"wd-icon\"><\/span>\n\t\t\t\t\t\t\t\t\t\t\t<\/a>\n\t\t\t\t\n\t\t\t\t\n\t\t\t\t\n\t\t\t\t\n\t\t\t\t\n\t\t\t\t\n\t\t\t\t\n\t\t\t\t\n\t\t\t\t\n\t\t\t\t\n\t\t\t\t\n\t\t\t\t\n\t\t\t\t\n\t\t\t\t\n\t\t\t\t\n\t\t\t\t\t\t\t\t\t<a rel=\"noopener noreferrer nofollow\" href=\"https:\/\/telegram.me\/share\/url?url=https:\/\/kruze.ee\/et\/portfolio\/venseni-kahepoolse-trukiga-mikrokiudratik\/\" target=\"_blank\" class=\" wd-social-icon social-tg\" aria-label=\"Telegram social link\">\n\t\t\t\t\t\t<span class=\"wd-icon\"><\/span>\n\t\t\t\t\t\t\t\t\t\t\t<\/a>\n\t\t\t\t\n\t\t\t\t\n\t\t\t<\/div>\n\n\t\t\t\t\t\t\t\t\t\t<\/div>\n\t\t\t\t\t\t\t<\/div>\n\t\t\t\t\t\t<\/div>\n\t\t\t\t\t\t\t\t\t<\/div>\n\t\t\t<\/figure>\n\t\t\n\t\t<div class=\"portfolio-info color-scheme-light\">\n\t\t\t\t\t\t\t<div class=\"wrap-meta\">\n\t\t\t\t\t<ul class=\"proj-cats-list\">\n\t\t\t\t\t\t\t\t\t\t\t\t\t\t\t\t\t\t\t\t<li>Sublimatsioontr\u00fckk<\/li>\n\t\t\t\t\t\t\t\t\t\t\t<\/ul>\n\t\t\t\t<\/div>\n\t\t\t\n\t\t\t<div class=\"wrap-title\">\n\t\t\t\t<h3 class=\"wd-entities-title\">\n\t\t\t\t\t<a href=\"https:\/\/kruze.ee\/et\/portfolio\/venseni-kahepoolse-trukiga-mikrokiudratik\/\" rel=\"bookmark\">Venseni kahepoolse tr\u00fckiga mikrokiudr\u00e4tik.<\/a>\n\t\t\t\t<\/h3>\n\t\t\t<\/div>\n\t\t<\/div>\n\t<\/header>\n<\/article>\n\n\t\t\t\t\t\t\t\t<\/div>\n\t\t\t\t\t\t\t\t\t<\/div>\n\t\t\t\n\t\t\t\t[\/vc_column][\/vc_row]<\/p><\/section>","protected":false},"excerpt":{"rendered":"<p>[vc_row][vc_column][vc_column_text text_larger=&#8221;no&#8221;] Sublimatsioontr\u00fckk Sublimatsioontr\u00fckis ei kanta kujutist toote pinnale, vaid materjali sisse, nii et k\u00e4ega katsudes ei ole v\u00f5imalik vahet<\/p>\n","protected":false},"author":2,"featured_media":0,"parent":0,"menu_order":0,"comment_status":"closed","ping_status":"closed","template":"","meta":{"footnotes":""},"class_list":["post-13419","page","type-page","status-publish","hentry"],"acf":[],"yoast_head":"<!-- This site is optimized with the Yoast SEO plugin v26.0 - https:\/\/yoast.com\/wordpress\/plugins\/seo\/ -->\n<title>Sublimatsioontr\u00fckk - Kruze.ee<\/title>\n<meta name=\"robots\" content=\"index, follow, max-snippet:-1, max-image-preview:large, max-video-preview:-1\" \/>\n<link rel=\"canonical\" href=\"https:\/\/kruze.ee\/et\/sublimatsioontrukk\/\" \/>\n<meta property=\"og:locale\" content=\"et_EE\" \/>\n<meta property=\"og:type\" content=\"article\" \/>\n<meta property=\"og:title\" content=\"Sublimatsioontr\u00fckk - Kruze.ee\" \/>\n<meta property=\"og:description\" content=\"[vc_row][vc_column][vc_column_text text_larger=&#8221;no&#8221;] Sublimatsioontr\u00fckk Sublimatsioontr\u00fckis ei kanta kujutist toote pinnale, vaid materjali sisse, nii et k\u00e4ega katsudes ei ole v\u00f5imalik vahet\" \/>\n<meta property=\"og:url\" content=\"https:\/\/kruze.ee\/et\/sublimatsioontrukk\/\" \/>\n<meta property=\"og:site_name\" content=\"Kruze.ee\" \/>\n<meta property=\"article:modified_time\" content=\"2020-05-29T13:49:35+00:00\" \/>\n<meta name=\"twitter:card\" content=\"summary_large_image\" \/>\n<meta name=\"twitter:label1\" content=\"Est. reading time\" \/>\n\t<meta name=\"twitter:data1\" content=\"3 minutit\" \/>\n<script type=\"application\/ld+json\" class=\"yoast-schema-graph\">{\"@context\":\"https:\/\/schema.org\",\"@graph\":[{\"@type\":\"WebPage\",\"@id\":\"https:\/\/kruze.ee\/et\/sublimatsioontrukk\/\",\"url\":\"https:\/\/kruze.ee\/et\/sublimatsioontrukk\/\",\"name\":\"Sublimatsioontr\u00fckk - Kruze.ee\",\"isPartOf\":{\"@id\":\"https:\/\/kruze.ee\/et\/#website\"},\"datePublished\":\"2020-02-22T10:52:57+00:00\",\"dateModified\":\"2020-05-29T13:49:35+00:00\",\"breadcrumb\":{\"@id\":\"https:\/\/kruze.ee\/et\/sublimatsioontrukk\/#breadcrumb\"},\"inLanguage\":\"et\",\"potentialAction\":[{\"@type\":\"ReadAction\",\"target\":[\"https:\/\/kruze.ee\/et\/sublimatsioontrukk\/\"]}]},{\"@type\":\"BreadcrumbList\",\"@id\":\"https:\/\/kruze.ee\/et\/sublimatsioontrukk\/#breadcrumb\",\"itemListElement\":[{\"@type\":\"ListItem\",\"position\":1,\"name\":\"Home\",\"item\":\"https:\/\/kruze.ee\/et\/\"},{\"@type\":\"ListItem\",\"position\":2,\"name\":\"Sublimatsioontr\u00fckk\"}]},{\"@type\":\"WebSite\",\"@id\":\"https:\/\/kruze.ee\/et\/#website\",\"url\":\"https:\/\/kruze.ee\/et\/\",\"name\":\"Kruze.ee\",\"description\":\"Reklaamkingitused, tr&uuml;kiga T-s&auml;rgid, fliisid, dressipluused, tekstiil, joped ja paljud teised logoga meened, &Auml;rikingitused sinu partnerile! Telli juba t&auml;na.\",\"potentialAction\":[{\"@type\":\"SearchAction\",\"target\":{\"@type\":\"EntryPoint\",\"urlTemplate\":\"https:\/\/kruze.ee\/et\/?s={search_term_string}\"},\"query-input\":{\"@type\":\"PropertyValueSpecification\",\"valueRequired\":true,\"valueName\":\"search_term_string\"}}],\"inLanguage\":\"et\"}]}<\/script>\n<!-- \/ Yoast SEO plugin. -->","yoast_head_json":{"title":"Sublimatsioontr\u00fckk - Kruze.ee","robots":{"index":"index","follow":"follow","max-snippet":"max-snippet:-1","max-image-preview":"max-image-preview:large","max-video-preview":"max-video-preview:-1"},"canonical":"https:\/\/kruze.ee\/et\/sublimatsioontrukk\/","og_locale":"et_EE","og_type":"article","og_title":"Sublimatsioontr\u00fckk - Kruze.ee","og_description":"[vc_row][vc_column][vc_column_text text_larger=&#8221;no&#8221;] Sublimatsioontr\u00fckk Sublimatsioontr\u00fckis ei kanta kujutist toote pinnale, vaid materjali sisse, nii et k\u00e4ega katsudes ei ole v\u00f5imalik vahet","og_url":"https:\/\/kruze.ee\/et\/sublimatsioontrukk\/","og_site_name":"Kruze.ee","article_modified_time":"2020-05-29T13:49:35+00:00","twitter_card":"summary_large_image","twitter_misc":{"Est. reading time":"3 minutit"},"schema":{"@context":"https:\/\/schema.org","@graph":[{"@type":"WebPage","@id":"https:\/\/kruze.ee\/et\/sublimatsioontrukk\/","url":"https:\/\/kruze.ee\/et\/sublimatsioontrukk\/","name":"Sublimatsioontr\u00fckk - Kruze.ee","isPartOf":{"@id":"https:\/\/kruze.ee\/et\/#website"},"datePublished":"2020-02-22T10:52:57+00:00","dateModified":"2020-05-29T13:49:35+00:00","breadcrumb":{"@id":"https:\/\/kruze.ee\/et\/sublimatsioontrukk\/#breadcrumb"},"inLanguage":"et","potentialAction":[{"@type":"ReadAction","target":["https:\/\/kruze.ee\/et\/sublimatsioontrukk\/"]}]},{"@type":"BreadcrumbList","@id":"https:\/\/kruze.ee\/et\/sublimatsioontrukk\/#breadcrumb","itemListElement":[{"@type":"ListItem","position":1,"name":"Home","item":"https:\/\/kruze.ee\/et\/"},{"@type":"ListItem","position":2,"name":"Sublimatsioontr\u00fckk"}]},{"@type":"WebSite","@id":"https:\/\/kruze.ee\/et\/#website","url":"https:\/\/kruze.ee\/et\/","name":"Kruze.ee","description":"Reklaamkingitused, tr&uuml;kiga T-s&auml;rgid, fliisid, dressipluused, tekstiil, joped ja paljud teised logoga meened, &Auml;rikingitused sinu partnerile! Telli juba t&auml;na.","potentialAction":[{"@type":"SearchAction","target":{"@type":"EntryPoint","urlTemplate":"https:\/\/kruze.ee\/et\/?s={search_term_string}"},"query-input":{"@type":"PropertyValueSpecification","valueRequired":true,"valueName":"search_term_string"}}],"inLanguage":"et"}]}},"_links":{"self":[{"href":"https:\/\/kruze.ee\/et\/wp-json\/wp\/v2\/pages\/13419","targetHints":{"allow":["GET"]}}],"collection":[{"href":"https:\/\/kruze.ee\/et\/wp-json\/wp\/v2\/pages"}],"about":[{"href":"https:\/\/kruze.ee\/et\/wp-json\/wp\/v2\/types\/page"}],"author":[{"embeddable":true,"href":"https:\/\/kruze.ee\/et\/wp-json\/wp\/v2\/users\/2"}],"replies":[{"embeddable":true,"href":"https:\/\/kruze.ee\/et\/wp-json\/wp\/v2\/comments?post=13419"}],"version-history":[{"count":4,"href":"https:\/\/kruze.ee\/et\/wp-json\/wp\/v2\/pages\/13419\/revisions"}],"predecessor-version":[{"id":343449,"href":"https:\/\/kruze.ee\/et\/wp-json\/wp\/v2\/pages\/13419\/revisions\/343449"}],"wp:attachment":[{"href":"https:\/\/kruze.ee\/et\/wp-json\/wp\/v2\/media?parent=13419"}],"curies":[{"name":"wp","href":"https:\/\/api.w.org\/{rel}","templated":true}]}}